{"id":1600,"date":"2025-07-17T06:50:40","date_gmt":"2025-07-17T06:50:40","guid":{"rendered":"https:\/\/bbqgrillglobal.com\/?post_type=product&#038;p=1600"},"modified":"2025-07-23T08:35:06","modified_gmt":"2025-07-23T08:35:06","slug":"automatic-charcoal-barbecue-grill","status":"publish","type":"product","link":"https:\/\/bbqgrillglobal.com\/es\/producto\/automatic-charcoal-barbecue-grill\/","title":{"rendered":"Barbacoa de carb\u00f3n autom\u00e1tica"},"content":{"rendered":"<h2>Barbacoa de carb\u00f3n autom\u00e1tica - Perfecta para barbacoas dom\u00e9sticas, al aire libre y de camping<\/h2>\n<div style=\"width: 800px;\" class=\"wp-video\"><!--[if lt IE 9]><script>document.createElement('video');<\/script><![endif]-->\n<video class=\"wp-video-shortcode\" id=\"video-1600-1\" width=\"800\" height=\"450\" preload=\"metadata\" controls=\"controls\"><source type=\"video\/mp4\" src=\"https:\/\/bbqgrillglobal.com\/wp-content\/uploads\/2025\/07\/charcoal-BBQ.mp4?_=1\" \/><a href=\"https:\/\/bbqgrillglobal.com\/wp-content\/uploads\/2025\/07\/charcoal-BBQ.mp4\">https:\/\/bbqgrillglobal.com\/wp-content\/uploads\/2025\/07\/charcoal-BBQ.mp4<\/a><\/video><\/div>\n<p>Experimente la cocina al aire libre sin esfuerzo con nuestro pincho giratorio el\u00e9ctrico <a href=\"https:\/\/bbqgrillglobal.com\/es\/producto\/trolley-grill-for-outdoor-bbq\/\">parrilla de carb\u00f3n<\/a>. Combinando el aut\u00e9ntico sabor ahumado del carb\u00f3n natural con un motor silenciosamente eficiente, esta parrilla gira autom\u00e1ticamente sus pinchos para una cocci\u00f3n uniforme y resultados m\u00e1s sabrosos. Ideal para reuniones en el jard\u00edn, acampadas o cualquier barbacoa.<\/p>\n<h2>Caracter\u00edsticas principales<\/h2>\n<ul>\n<li>Autom\u00e1tico <a href=\"https:\/\/bbqgrillglobal.com\/es\/charcoal-grills\/\">barbacoa de carb\u00f3n<\/a>: El motor incorporado garantiza que las brochetas giren continuamente, por lo que no tendr\u00e1 que preocuparse de darles la vuelta manualmente.<\/li>\n<li>Sabor a carb\u00f3n real: Utiliza carb\u00f3n natural para dar a su comida ese cl\u00e1sico sabor ahumado que a todo el mundo le gusta.<\/li>\n<li>Materiales duraderos y seguros: Fabricado en acero inoxidable de grado alimentario para un uso duradero y f\u00e1cil limpieza.<\/li>\n<li>Gran capacidad: Tiene capacidad para 6 a 12 brochetas a la vez, perfecto para comidas familiares o fiestas.<\/li>\n<li>Dise\u00f1o port\u00e1til: Ligero y f\u00e1cil de montar, por lo que es conveniente para acampar y eventos al aire libre.<\/li>\n<li>Pr\u00e1cticos accesorios: Viene con una bandeja de goteo, rejilla para asar y asas resistentes al calor para mayor comodidad.<\/li>\n<\/ul>\n<h2>Por qu\u00e9 te encantar\u00e1<\/h2>\n<p>Nuestro sistema autom\u00e1tico <a href=\"https:\/\/bbqgrillglobal.com\/es\/producto\/smokeless-portable-charcoal-bbq-grill\/\">barbacoa de carb\u00f3n<\/a>\u00a0automatiza la rotaci\u00f3n de las brochetas para que la comida se cocine siempre de manera uniforme. El control de calor ajustable le ayuda a mantener la temperatura perfecta, mientras que la bandeja recogegotas permite una limpieza r\u00e1pida y sencilla. Tanto si asa carne, verduras o marisco, esta vers\u00e1til barbacoa es perfecta para usted.<\/p>\n<h2>Especificaciones t\u00e9cnicas<\/h2>\n<table>\n<thead>\n<tr>\n<th>Caracter\u00edstica<\/th>\n<th>Detalles<\/th>\n<\/tr>\n<\/thead>\n<tbody>\n<tr>\n<td>Dimensiones<\/td>\n<td>Aproximadamente 60 x 35 x 45 cm<\/td>\n<\/tr>\n<tr>\n<td>Capacidad de pinchos<\/td>\n<td>6-12 brochetas<\/td>\n<\/tr>\n<tr>\n<td>Materiales<\/td>\n<td>Acero inoxidable de calidad alimentaria<\/td>\n<\/tr>\n<tr>\n<td>Potencia del motor<\/td>\n<td>3-5 vatios<\/td>\n<\/tr>\n<tr>\n<td>Peso<\/td>\n<td>Alrededor de 7-10 kg<\/td>\n<\/tr>\n<tr>\n<td>Tipo de combustible<\/td>\n<td>Carb\u00f3n natural<\/td>\n<\/tr>\n<tr>\n<td>Fuente de energ\u00eda<\/td>\n<td>Bater\u00eda recargable o enchufable<\/td>\n<\/tr>\n<\/tbody>\n<\/table>\n<h2>Ideal para<\/h2>\n<ul>\n<li>Barbacoas en el jard\u00edn<\/li>\n<li>Acampadas y picnics<\/li>\n<li>Reuniones familiares y de amigos<\/li>\n<li>Fiestas de barbacoa al estilo americano<\/li>\n<\/ul>\n<h2>Consejos de compra y asistencia<\/h2>\n<p>Al elegir su barbacoa de carb\u00f3n autom\u00e1tica, busque materiales robustos y un motor fiable. Las marcas de confianza suelen ofrecer una garant\u00eda m\u00ednima de un a\u00f1o y un s\u00f3lido servicio de atenci\u00f3n al cliente. Compre siempre a vendedores de confianza y conserve el recibo de compra para reclamar la garant\u00eda.<\/p>\n<p><a href=\"https:\/\/bbqgrillglobal.com\/es\/contact-us\/\"><img fetchpriority=\"high\" decoding=\"async\" class=\"alignnone wp-image-1602 size-full\" title=\"Barbacoa de carb\u00f3n autom\u00e1tica\" src=\"https:\/\/bbqgrillglobal.com\/wp-content\/uploads\/2025\/07\/18995965688_1948708954.jpg\" alt=\"Automatic charcoal barbecue grill Factory,china,price,manufacturers, suppliers, customized, wholesale, cheap, for sale, in stock.\" width=\"750\" height=\"687\" srcset=\"https:\/\/bbqgrillglobal.com\/wp-content\/uploads\/2025\/07\/18995965688_1948708954.jpg 750w, https:\/\/bbqgrillglobal.com\/wp-content\/uploads\/2025\/07\/18995965688_1948708954-300x275.jpg 300w, https:\/\/bbqgrillglobal.com\/wp-content\/uploads\/2025\/07\/18995965688_1948708954-13x12.jpg 13w, https:\/\/bbqgrillglobal.com\/wp-content\/uploads\/2025\/07\/18995965688_1948708954-600x550.jpg 600w\" sizes=\"(max-width: 750px) 100vw, 750px\" \/><\/a><\/p>","protected":false},"excerpt":{"rendered":"<p data-start=\"469\" data-end=\"597\">Parrilla de carb\u00f3n autom\u00e1tica con pinchos giratorios y calor uniforme. Ideal para barbacoas familiares, acampadas y deliciosas parrilladas manos libres.<\/p>\n<p data-start=\"599\" data-end=\"624\">","protected":false},"featured_media":1603,"comment_status":"open","ping_status":"closed","template":"","meta":{"om_disable_all_campaigns":false},"product_brand":[],"product_cat":[35],"product_tag":[],"class_list":{"0":"post-1600","1":"product","2":"type-product","3":"status-publish","4":"has-post-thumbnail","6":"product_cat-charcoal-grills","8":"first","9":"instock","10":"shipping-taxable","11":"purchasable","12":"product-type-simple"},"_links":{"self":[{"href":"https:\/\/bbqgrillglobal.com\/es\/wp-json\/wp\/v2\/product\/1600","targetHints":{"allow":["GET"]}}],"collection":[{"href":"https:\/\/bbqgrillglobal.com\/es\/wp-json\/wp\/v2\/product"}],"about":[{"href":"https:\/\/bbqgrillglobal.com\/es\/wp-json\/wp\/v2\/types\/product"}],"replies":[{"embeddable":true,"href":"https:\/\/bbqgrillglobal.com\/es\/wp-json\/wp\/v2\/comments?post=1600"}],"version-history":[{"count":1,"href":"https:\/\/bbqgrillglobal.com\/es\/wp-json\/wp\/v2\/product\/1600\/revisions"}],"predecessor-version":[{"id":1607,"href":"https:\/\/bbqgrillglobal.com\/es\/wp-json\/wp\/v2\/product\/1600\/revisions\/1607"}],"wp:featuredmedia":[{"embeddable":true,"href":"https:\/\/bbqgrillglobal.com\/es\/wp-json\/wp\/v2\/media\/1603"}],"wp:attachment":[{"href":"https:\/\/bbqgrillglobal.com\/es\/wp-json\/wp\/v2\/media?parent=1600"}],"wp:term":[{"taxonomy":"product_brand","embeddable":true,"href":"https:\/\/bbqgrillglobal.com\/es\/wp-json\/wp\/v2\/product_brand?post=1600"},{"taxonomy":"product_cat","embeddable":true,"href":"https:\/\/bbqgrillglobal.com\/es\/wp-json\/wp\/v2\/product_cat?post=1600"},{"taxonomy":"product_tag","embeddable":true,"href":"https:\/\/bbqgrillglobal.com\/es\/wp-json\/wp\/v2\/product_tag?post=1600"}],"curies":[{"name":"wp","href":"https:\/\/api.w.org\/{rel}","templated":true}]}}