{"id":1600,"date":"2025-07-17T06:50:40","date_gmt":"2025-07-17T06:50:40","guid":{"rendered":"https:\/\/bbqgrillglobal.com\/?post_type=product&#038;p=1600"},"modified":"2025-07-23T08:35:06","modified_gmt":"2025-07-23T08:35:06","slug":"automatic-charcoal-barbecue-grill","status":"publish","type":"product","link":"https:\/\/bbqgrillglobal.com\/et\/toode\/automatic-charcoal-barbecue-grill\/","title":{"rendered":"Automaatne s\u00f6egrill"},"content":{"rendered":"<h2>Automaatne s\u00f6egrill - ideaalne koduseks, v\u00e4li- ja matkagrilliks.<\/h2>\n<div style=\"width: 800px;\" class=\"wp-video\"><!--[if lt IE 9]><script>document.createElement('video');<\/script><![endif]-->\n<video class=\"wp-video-shortcode\" id=\"video-1600-1\" width=\"800\" height=\"450\" preload=\"metadata\" controls=\"controls\"><source type=\"video\/mp4\" src=\"https:\/\/bbqgrillglobal.com\/wp-content\/uploads\/2025\/07\/charcoal-BBQ.mp4?_=1\" \/><a href=\"https:\/\/bbqgrillglobal.com\/wp-content\/uploads\/2025\/07\/charcoal-BBQ.mp4\">https:\/\/bbqgrillglobal.com\/wp-content\/uploads\/2025\/07\/charcoal-BBQ.mp4<\/a><\/video><\/div>\n<p>Kogemused vaevata toiduvalmistamise kohta \u00f5ues meie elektrilise p\u00f6\u00f6rleva varrega <a href=\"https:\/\/bbqgrillglobal.com\/et\/toode\/trolley-grill-for-outdoor-bbq\/\">s\u00f6egrill<\/a>. Kombineerides naturaalse s\u00f6e autentse suitsuse maitse ja vaikselt t\u00f5husa mootori, keerab see grill automaatselt teie grillvarraste, et saavutada \u00fchtlane k\u00fcpsemine ja maitsvamad tulemused. Ideaalne tagahoovis toimuvateks koosviibimisteks, telkimisretkedeks v\u00f5i mis tahes grillimis\u00fcrituseks.<\/p>\n<h2>Peamised omadused<\/h2>\n<ul>\n<li>Automaatne <a href=\"https:\/\/bbqgrillglobal.com\/et\/charcoal-grills\/\">s\u00f6egrill<\/a>: Sisseehitatud mootor tagab varraste pideva p\u00f6\u00f6rlemise, nii et te ei pea muretsema nende k\u00e4sitsi keeramise p\u00e4rast.<\/li>\n<li>Ehtne s\u00f6e maitse: Kasutab looduslikku kivis\u00fctt, et anda toidule klassikaline suitsune maitse, mida k\u00f5ik armastavad.<\/li>\n<li>Vastupidavad ja ohutud materjalid: Valmistatud toiduks sobivast roostevabast terasest, mis tagab pikaajalise kasutuse ja lihtsa puhastamise.<\/li>\n<li>Suur mahutavus: Sobib korraga 6 kuni 12 varrast, mis sobib ideaalselt peretoitlustamiseks v\u00f5i pidude korraldamiseks.<\/li>\n<li>Kaasaskantav disain: Kerge ja kergesti kokkupandav, mist\u00f5ttu on see mugav telkimiseks ja v\u00e4li\u00fcritusteks.<\/li>\n<li>K\u00e4ep\u00e4rased tarvikud: Lisamugavuse tagamiseks on kaasas tilgakate, grillrest ja kuumakindlad k\u00e4epidemed.<\/li>\n<\/ul>\n<h2>Miks see teile meeldib<\/h2>\n<p>Meie automaatne <a href=\"https:\/\/bbqgrillglobal.com\/et\/toode\/smokeless-portable-charcoal-bbq-grill\/\">s\u00f6egrill<\/a>\u00a0v\u00f5tab grillimise vaeva \u00e4ra, automatiseerides varraste p\u00f6\u00f6rlemise, tagades, et toit k\u00fcpseks iga kord \u00fchtlaselt. Reguleeritav kuumuse reguleerimine aitab teil s\u00e4ilitada ideaalset temperatuuri, samal ajal kui tilgakulu hoiab puhastamist kiire ja lihtsana. Olenemata sellest, kas grillid liha, k\u00f6\u00f6givilju v\u00f5i mereande, see mitmek\u00fclgne grill on sulle sobilik.<\/p>\n<h2>Tehnilised andmed<\/h2>\n<table>\n<thead>\n<tr>\n<th>Funktsioon<\/th>\n<th>\u00dcksikasjad<\/th>\n<\/tr>\n<\/thead>\n<tbody>\n<tr>\n<td>M\u00f5\u00f5tmed<\/td>\n<td>Umbes 60 x 35 x 45 cm<\/td>\n<\/tr>\n<tr>\n<td>Skeebli mahutavus<\/td>\n<td>6-12 varrast<\/td>\n<\/tr>\n<tr>\n<td>Materjalid<\/td>\n<td>Toiduks kasutatav roostevaba teras<\/td>\n<\/tr>\n<tr>\n<td>Mootori v\u00f5imsus<\/td>\n<td>3-5 vatti<\/td>\n<\/tr>\n<tr>\n<td>Kaal<\/td>\n<td>Umbes 7-10 kg<\/td>\n<\/tr>\n<tr>\n<td>K\u00fctuse t\u00fc\u00fcp<\/td>\n<td>Looduslik s\u00fcsi<\/td>\n<\/tr>\n<tr>\n<td>Toiteallikas<\/td>\n<td>Laetav aku v\u00f5i pistikupesa<\/td>\n<\/tr>\n<\/tbody>\n<\/table>\n<h2>Ideaalne<\/h2>\n<ul>\n<li>Tagahoovis grillimine<\/li>\n<li>Telkimine ja piknikud<\/li>\n<li>Perekonna ja s\u00f5prade kokkutulekud<\/li>\n<li>Ameerika stiilis grillipeod<\/li>\n<\/ul>\n<h2>Ostunipid ja tugi<\/h2>\n<p>Automaatse s\u00f6egrilli valimisel otsige vastupidavaid materjale ja usaldusv\u00e4\u00e4rset mootori j\u00f5udlust. Usaldusv\u00e4\u00e4rsed kaubam\u00e4rgid pakuvad tavaliselt v\u00e4hemalt \u00fcheaastast garantiid ja kindlat kliendituge. Ostke alati mainekatelt m\u00fc\u00fcjatelt ja hoidke ostukviitungit garantiin\u00f5uete esitamiseks alles.<\/p>\n<p><a href=\"https:\/\/bbqgrillglobal.com\/et\/contact-us\/\"><img fetchpriority=\"high\" decoding=\"async\" class=\"alignnone wp-image-1602 size-full\" title=\"Automaatne s\u00f6egrill\" src=\"https:\/\/bbqgrillglobal.com\/wp-content\/uploads\/2025\/07\/18995965688_1948708954.jpg\" alt=\"Automatic charcoal barbecue grill Factory,china,price,manufacturers, suppliers, customized, wholesale, cheap, for sale, in stock.\" width=\"750\" height=\"687\" srcset=\"https:\/\/bbqgrillglobal.com\/wp-content\/uploads\/2025\/07\/18995965688_1948708954.jpg 750w, https:\/\/bbqgrillglobal.com\/wp-content\/uploads\/2025\/07\/18995965688_1948708954-300x275.jpg 300w, https:\/\/bbqgrillglobal.com\/wp-content\/uploads\/2025\/07\/18995965688_1948708954-13x12.jpg 13w, https:\/\/bbqgrillglobal.com\/wp-content\/uploads\/2025\/07\/18995965688_1948708954-600x550.jpg 600w\" sizes=\"(max-width: 750px) 100vw, 750px\" \/><\/a><\/p>","protected":false},"excerpt":{"rendered":"<p data-start=\"469\" data-end=\"597\">Automaatne s\u00f6egrill p\u00f6\u00f6rlevate varraste ja \u00fchtlase kuumusega. Sobib suurep\u00e4raselt perekondlikuks grillimiseks, telkimiseks ja maitsva, k\u00e4edeta grillimiseks.<\/p>\n<p data-start=\"599\" data-end=\"624\">","protected":false},"featured_media":1603,"comment_status":"open","ping_status":"closed","template":"","meta":{"om_disable_all_campaigns":false},"product_brand":[],"product_cat":[35],"product_tag":[],"class_list":{"0":"post-1600","1":"product","2":"type-product","3":"status-publish","4":"has-post-thumbnail","6":"product_cat-charcoal-grills","8":"first","9":"instock","10":"shipping-taxable","11":"purchasable","12":"product-type-simple"},"_links":{"self":[{"href":"https:\/\/bbqgrillglobal.com\/et\/wp-json\/wp\/v2\/product\/1600","targetHints":{"allow":["GET"]}}],"collection":[{"href":"https:\/\/bbqgrillglobal.com\/et\/wp-json\/wp\/v2\/product"}],"about":[{"href":"https:\/\/bbqgrillglobal.com\/et\/wp-json\/wp\/v2\/types\/product"}],"replies":[{"embeddable":true,"href":"https:\/\/bbqgrillglobal.com\/et\/wp-json\/wp\/v2\/comments?post=1600"}],"version-history":[{"count":1,"href":"https:\/\/bbqgrillglobal.com\/et\/wp-json\/wp\/v2\/product\/1600\/revisions"}],"predecessor-version":[{"id":1607,"href":"https:\/\/bbqgrillglobal.com\/et\/wp-json\/wp\/v2\/product\/1600\/revisions\/1607"}],"wp:featuredmedia":[{"embeddable":true,"href":"https:\/\/bbqgrillglobal.com\/et\/wp-json\/wp\/v2\/media\/1603"}],"wp:attachment":[{"href":"https:\/\/bbqgrillglobal.com\/et\/wp-json\/wp\/v2\/media?parent=1600"}],"wp:term":[{"taxonomy":"product_brand","embeddable":true,"href":"https:\/\/bbqgrillglobal.com\/et\/wp-json\/wp\/v2\/product_brand?post=1600"},{"taxonomy":"product_cat","embeddable":true,"href":"https:\/\/bbqgrillglobal.com\/et\/wp-json\/wp\/v2\/product_cat?post=1600"},{"taxonomy":"product_tag","embeddable":true,"href":"https:\/\/bbqgrillglobal.com\/et\/wp-json\/wp\/v2\/product_tag?post=1600"}],"curies":[{"name":"wp","href":"https:\/\/api.w.org\/{rel}","templated":true}]}}